{"id":88,"date":"2010-08-17T15:11:18","date_gmt":"2010-08-17T13:11:18","guid":{"rendered":"http:\/\/www.subcentrogiovani.it\/?page_id=88"},"modified":"2026-03-27T16:53:06","modified_gmt":"2026-03-27T14:53:06","slug":"downloads","status":"publish","type":"page","link":"http:\/\/www.subcentrogiovani.it\/?page_id=88","title":{"rendered":"Downloads"},"content":{"rendered":"\n<p><a href=\"http:\/\/www.subcentrogiovani.it\/wp-content\/uploads\/2010\/08\/consenso-attivit\u00e0-esterna.docx\">&nbsp;<\/a><\/p>\n\n\n\n<ol>\n<li><span style=\"color: #000080;\"><a href=\"http:\/\/Regeln f\u00fcr die Nutzung der R\u00e4ume 1)\tWer die R\u00e4ume bucht, ist auch verantwortlich der Selben. 2)\tDer Raum ist f\u00fcr Geburtstagfeiern, Festen oder andere Aktivit\u00e4ten benutzbar, die alle dem Vorbehalt der Zustimmung des Vorstandes des Jugendzentrums gew\u00e4hrt. 3)\tSie k\u00f6nnen bis zu einen Monat im Voraus buchen. 4)\tDie Reservierung muss beim Jugendtreff gemacht werden, durch : a.\tAusf\u00fcllen des Formulars und das Einverst\u00e4ndnis der  Regeln. b.\tDie Zahlung der Kaution in H\u00f6he von 70,00 \u20ac, die nach der \u00dcberpr\u00fcfung zur\u00fcckgegeben wird. 5)\tIm inneren des Jugendtreff ist: a.\tRauchen verboten. b.\tJedes sch\u00e4dliches und anst\u00f6\u00dfiges Benehmen gegen Personen oder Ausr\u00fcstungen ist verboten. 6)\tDer Jugendtreff beh\u00e4lt sich das Recht vor, jederzeit,  mit Vorank\u00fcndigung, die Buchung zur\u00fcckzunehmen, mit R\u00fcckgabe der Kaution. 7)\tDie Partys von den Jungs, k\u00f6nnen nur mit der Pr\u00e4senz des Verantwortlichen Erwachsenen Unterzeichner des Buchungsformular, stattfinden. Der Erwachsene ist verantwortlich f\u00fcr das innere sowie auch im Freien angrenzenden Gebieten ( Hof). 8)\tDie R\u00e4umlichkeiten m\u00fcssen sauber zur\u00fcckgelassen werden. 9)\tDie Musik sollte die Nachbarschaft nicht st\u00f6ren und muss um 01:00 aufh\u00f6ren. 10)\tDie Kaution wird nicht zur\u00fcckgegeben wenn: a.\tder Raum nicht ges\u00e4ubert  oder ordentlich hinterlassen wird b.\twenn Ausr\u00fcstungen oder die Struktur besch\u00e4digt werden 11)\tDas Jugendtreff SUB,  nimmt auch Probleme im Angriff wie Alkoholmissbrauch oder Gewalt, und deswegen ist es den Jugendlichen streng verboten Alkohol mitzubringen und im Jugendtreff zu konsumieren.  Wir laden Sie ein, kein Alkohol im Jugendtreff zu konsumieren w\u00e4hrend der Festen, Partys oder andere Aktivit\u00e4ten.  Der Unterzeichner, erkl\u00e4rt dass Er die Regeln gelesen hat und Sie akzeptiert. F\u00fcr irgendwelche dringende Probleme, kontaktieren Sie Uns  :               Giorgia 3200419699 \t\t\t\t\t\t\t\t                    Regeln f\u00fcr die Nutzung der R\u00e4ume 1)\tWer die R\u00e4ume bucht, ist auch verantwortlich der Selben. 2)\tDer Raum ist f\u00fcr Geburtstagfeiern, Festen oder andere Aktivit\u00e4ten benutzbar, die alle dem Vorbehalt der Zustimmung des Vorstandes des Jugendzentrums gew\u00e4hrt. 3)\tSie k\u00f6nnen bis zu einen Monat im Voraus buchen. 4)\tDie Reservierung muss beim Jugendtreff gemacht werden, durch : a.\tAusf\u00fcllen des Formulars und das Einverst\u00e4ndnis der  Regeln. b.\tDie Zahlung der Kaution in H\u00f6he von 70,00 \u20ac, die nach der \u00dcberpr\u00fcfung zur\u00fcckgegeben wird. 5)\tIm inneren des Jugendtreff ist: a.\tRauchen verboten. b.\tJedes sch\u00e4dliches und anst\u00f6\u00dfiges Benehmen gegen Personen oder Ausr\u00fcstungen ist verboten. 6)\tDer Jugendtreff beh\u00e4lt sich das Recht vor, jederzeit,  mit Vorank\u00fcndigung, die Buchung zur\u00fcckzunehmen, mit R\u00fcckgabe der Kaution. 7)\tDie Partys von den Jungs, k\u00f6nnen nur mit der Pr\u00e4senz des Verantwortlichen Erwachsenen Unterzeichner des Buchungsformular, stattfinden. Der Erwachsene ist verantwortlich f\u00fcr das innere sowie auch im Freien angrenzenden Gebieten ( Hof). 8)\tDie R\u00e4umlichkeiten m\u00fcssen sauber zur\u00fcckgelassen werden. 9)\tDie Musik sollte die Nachbarschaft nicht st\u00f6ren und muss um 01:00 aufh\u00f6ren. 10)\tDie Kaution wird nicht zur\u00fcckgegeben wenn: a.\tder Raum nicht ges\u00e4ubert  oder ordentlich hinterlassen wird b.\twenn Ausr\u00fcstungen oder die Struktur besch\u00e4digt werden 11)\tDas Jugendtreff SUB,  nimmt auch Probleme im Angriff wie Alkoholmissbrauch oder Gewalt, und deswegen ist es den Jugendlichen streng verboten Alkohol mitzubringen und im Jugendtreff zu konsumieren.  Wir laden Sie ein, kein Alkohol im Jugendtreff zu konsumieren w\u00e4hrend der Festen, Partys oder andere Aktivit\u00e4ten.  Der Unterzeichner, erkl\u00e4rt dass Er die Regeln gelesen hat und Sie akzeptiert. F\u00fcr irgendwelche dringende Probleme, kontaktieren Sie Uns  :               Giorgia 3200419699 \t\t\t\t\t\thttp:\/\/www.subcentrogiovani.it\/wp-content\/uploads\/2020\/02\/affitto-sala.pdf\">MODULO <\/a><a href=\"http:\/\/www.subcentrogiovani.it\/wp-content\/uploads\/2026\/03\/modulo-affitto-sala-2026.pdf\" target=\"_blank\" rel=\"noreferrer noopener\">RICHIESTA <\/a><a href=\"http:\/\/Regeln f\u00fcr die Nutzung der R\u00e4ume 1)\tWer die R\u00e4ume bucht, ist auch verantwortlich der Selben. 2)\tDer Raum ist f\u00fcr Geburtstagfeiern, Festen oder andere Aktivit\u00e4ten benutzbar, die alle dem Vorbehalt der Zustimmung des Vorstandes des Jugendzentrums gew\u00e4hrt. 3)\tSie k\u00f6nnen bis zu einen Monat im Voraus buchen. 4)\tDie Reservierung muss beim Jugendtreff gemacht werden, durch : a.\tAusf\u00fcllen des Formulars und das Einverst\u00e4ndnis der  Regeln. b.\tDie Zahlung der Kaution in H\u00f6he von 70,00 \u20ac, die nach der \u00dcberpr\u00fcfung zur\u00fcckgegeben wird. 5)\tIm inneren des Jugendtreff ist: a.\tRauchen verboten. b.\tJedes sch\u00e4dliches und anst\u00f6\u00dfiges Benehmen gegen Personen oder Ausr\u00fcstungen ist verboten. 6)\tDer Jugendtreff beh\u00e4lt sich das Recht vor, jederzeit,  mit Vorank\u00fcndigung, die Buchung zur\u00fcckzunehmen, mit R\u00fcckgabe der Kaution. 7)\tDie Partys von den Jungs, k\u00f6nnen nur mit der Pr\u00e4senz des Verantwortlichen Erwachsenen Unterzeichner des Buchungsformular, stattfinden. Der Erwachsene ist verantwortlich f\u00fcr das innere sowie auch im Freien angrenzenden Gebieten ( Hof). 8)\tDie R\u00e4umlichkeiten m\u00fcssen sauber zur\u00fcckgelassen werden. 9)\tDie Musik sollte die Nachbarschaft nicht st\u00f6ren und muss um 01:00 aufh\u00f6ren. 10)\tDie Kaution wird nicht zur\u00fcckgegeben wenn: a.\tder Raum nicht ges\u00e4ubert  oder ordentlich hinterlassen wird b.\twenn Ausr\u00fcstungen oder die Struktur besch\u00e4digt werden 11)\tDas Jugendtreff SUB,  nimmt auch Probleme im Angriff wie Alkoholmissbrauch oder Gewalt, und deswegen ist es den Jugendlichen streng verboten Alkohol mitzubringen und im Jugendtreff zu konsumieren.  Wir laden Sie ein, kein Alkohol im Jugendtreff zu konsumieren w\u00e4hrend der Festen, Partys oder andere Aktivit\u00e4ten.  Der Unterzeichner, erkl\u00e4rt dass Er die Regeln gelesen hat und Sie akzeptiert. F\u00fcr irgendwelche dringende Probleme, kontaktieren Sie Uns  :               Giorgia 3200419699 \t\t\t\t\t\t\t\t                    Regeln f\u00fcr die Nutzung der R\u00e4ume 1)\tWer die R\u00e4ume bucht, ist auch verantwortlich der Selben. 2)\tDer Raum ist f\u00fcr Geburtstagfeiern, Festen oder andere Aktivit\u00e4ten benutzbar, die alle dem Vorbehalt der Zustimmung des Vorstandes des Jugendzentrums gew\u00e4hrt. 3)\tSie k\u00f6nnen bis zu einen Monat im Voraus buchen. 4)\tDie Reservierung muss beim Jugendtreff gemacht werden, durch : a.\tAusf\u00fcllen des Formulars und das Einverst\u00e4ndnis der  Regeln. b.\tDie Zahlung der Kaution in H\u00f6he von 70,00 \u20ac, die nach der \u00dcberpr\u00fcfung zur\u00fcckgegeben wird. 5)\tIm inneren des Jugendtreff ist: a.\tRauchen verboten. b.\tJedes sch\u00e4dliches und anst\u00f6\u00dfiges Benehmen gegen Personen oder Ausr\u00fcstungen ist verboten. 6)\tDer Jugendtreff beh\u00e4lt sich das Recht vor, jederzeit,  mit Vorank\u00fcndigung, die Buchung zur\u00fcckzunehmen, mit R\u00fcckgabe der Kaution. 7)\tDie Partys von den Jungs, k\u00f6nnen nur mit der Pr\u00e4senz des Verantwortlichen Erwachsenen Unterzeichner des Buchungsformular, stattfinden. Der Erwachsene ist verantwortlich f\u00fcr das innere sowie auch im Freien angrenzenden Gebieten ( Hof). 8)\tDie R\u00e4umlichkeiten m\u00fcssen sauber zur\u00fcckgelassen werden. 9)\tDie Musik sollte die Nachbarschaft nicht st\u00f6ren und muss um 01:00 aufh\u00f6ren. 10)\tDie Kaution wird nicht zur\u00fcckgegeben wenn: a.\tder Raum nicht ges\u00e4ubert  oder ordentlich hinterlassen wird b.\twenn Ausr\u00fcstungen oder die Struktur besch\u00e4digt werden 11)\tDas Jugendtreff SUB,  nimmt auch Probleme im Angriff wie Alkoholmissbrauch oder Gewalt, und deswegen ist es den Jugendlichen streng verboten Alkohol mitzubringen und im Jugendtreff zu konsumieren.  Wir laden Sie ein, kein Alkohol im Jugendtreff zu konsumieren w\u00e4hrend der Festen, Partys oder andere Aktivit\u00e4ten.  Der Unterzeichner, erkl\u00e4rt dass Er die Regeln gelesen hat und Sie akzeptiert. F\u00fcr irgendwelche dringende Probleme, kontaktieren Sie Uns  :               Giorgia 3200419699 \t\t\t\t\t\thttp:\/\/www.subcentrogiovani.it\/wp-content\/uploads\/2020\/02\/affitto-sala.pdf\">SALA<\/a><\/span><\/li>\n\n\n\n<li><span style=\"color: #ff0000;\"><a href=\"http:\/\/www.subcentrogiovani.it\/wp-content\/uploads\/2026\/03\/Nutzung-der-Raume-2026.pdf\">FORMULAR F\u00dcR DIE NUTZUNG DES R\u00c4UME<\/a><br> <\/span><\/li>\n\n\n\n<li><span style=\"color: #003366;\"><a href=\"http:\/\/www.subcentrogiovani.it\/wp-content\/uploads\/2019\/07\/modulo-tesseramento-1.pdf\">TESSERA CENTRO GIOVANI<\/a><\/span><\/li>\n\n\n\n<li><span style=\"color: #003366;\"><a href=\"http:\/\/www.subcentrogiovani.it\/wp-content\/uploads\/2019\/07\/Mitgliedskarte-Sub-1.pdf\">MITGLIEDSKARTE<\/a><\/span><\/li>\n<\/ol>\n\n\n\n<p><\/p>\n","protected":false},"excerpt":{"rendered":"<p>&nbsp;<\/p>\n","protected":false},"author":1,"featured_media":0,"parent":0,"menu_order":0,"comment_status":"open","ping_status":"open","template":"","meta":{"footnotes":"","_links_to":"","_links_to_target":""},"_links":{"self":[{"href":"http:\/\/www.subcentrogiovani.it\/index.php?rest_route=\/wp\/v2\/pages\/88"}],"collection":[{"href":"http:\/\/www.subcentrogiovani.it\/index.php?rest_route=\/wp\/v2\/pages"}],"about":[{"href":"http:\/\/www.subcentrogiovani.it\/index.php?rest_route=\/wp\/v2\/types\/page"}],"author":[{"embeddable":true,"href":"http:\/\/www.subcentrogiovani.it\/index.php?rest_route=\/wp\/v2\/users\/1"}],"replies":[{"embeddable":true,"href":"http:\/\/www.subcentrogiovani.it\/index.php?rest_route=%2Fwp%2Fv2%2Fcomments&post=88"}],"version-history":[{"count":51,"href":"http:\/\/www.subcentrogiovani.it\/index.php?rest_route=\/wp\/v2\/pages\/88\/revisions"}],"predecessor-version":[{"id":3063,"href":"http:\/\/www.subcentrogiovani.it\/index.php?rest_route=\/wp\/v2\/pages\/88\/revisions\/3063"}],"wp:attachment":[{"href":"http:\/\/www.subcentrogiovani.it\/index.php?rest_route=%2Fwp%2Fv2%2Fmedia&parent=88"}],"curies":[{"name":"wp","href":"https:\/\/api.w.org\/{rel}","templated":true}]}}